{"id":56,"date":"2019-04-29T09:08:39","date_gmt":"2019-04-29T09:08:39","guid":{"rendered":"http:\/\/pferdepraxis-den-heyberg.com\/?page_id=56"},"modified":"2023-09-21T13:43:58","modified_gmt":"2023-09-21T13:43:58","slug":"over-den-heyberg","status":"publish","type":"page","link":"https:\/\/pferdepraxis-den-heyberg.com\/de\/over-den-heyberg\/","title":{"rendered":"Den Heyberg"},"content":{"rendered":"<p>Den Traberpark \u201eDen Heyberg\u201c wurde in 1993 an der deutsch-niederl\u00e4ndische Grenze anbei Kevelaer in einem ehemaligen Munitionslager der NATO errichtet. Auf ungef\u00e4hr 400 Hektar gro\u00dfes bewaldetes Gel\u00e4nde mit 325 Munitionsbunkern wurde ein Trainingszentrum f\u00fcr Traber\u00a0 geschaffen. In etwa 100 Bunker fanden \u00fcber 600 Trabrennpferde Platz. Ein Trainingsbahn von 1200 Meter wurde dar zu gebaut. Zus\u00e4tzlich standen 7,5 Km Sandwege f\u00fcr leichteres Training zur Verf\u00fcgung. Die Zentrale Lage f\u00fcr etablierte Rennbahnen wie Gelsenkirchen, Dinslaken, M\u00f6nchengladbach und Recklinghausen und internationale Bahnen in die Niederlanden, Frankreich und Skandinavien machten das Zentrum f\u00fcr\u00a0 viele Trainer sehr attraktiv.<br \/><br \/>Die gro\u00dfe Zahl der Rennpferde brauchte ein f\u00fcr Rennpferde geeignete Tierarztpraxis auf dem Gel\u00e4nde. Dar zu wurde Dr. Riemersma, bei den Trainer bekannt um seine orthop\u00e4dische\u00a0 und chirurgische F\u00e4higkeiten bei Pferde, eingeladen eine klinische Praxis auf dem Gel\u00e4nde zu errichten. Der Pferdepraxis \u201eDen Heyberg\u201c wurde dann auf ein etwa 4 Hektare gro\u00dfe Sektor mit Wald und Wiese und 6 gr\u00f6\u00dfere Bunker eingerichtet. Derzeit existieren darin 25 Pferdeboxen f\u00fcr station\u00e4re Patienten, eine Poliklinik f\u00fcr ambulante Patienten, eine R\u00e4umlichkeit f\u00fcr diagnostisches Bildverfahren und eine voll ausgestatte Operationssaal.<\/p>\r\n\r\n<p>&nbsp;<\/p>\r\n\r\n<p>Die Tier\u00e4rztliche Praxis f\u00fcr Pferde z\u00e4hlt derzeit neun Mitarbeiter(innen) und wurde ein Regionales Zentrum f\u00fcr Orthop\u00e4die und Chirurgie beim Pferd. Der Praxis bildet Tierarzthelfer(innen), Fachtier\u00e4rzte und europ\u00e4ische Spezialisten Chirurgie aus. Neben orthop\u00e4dische und sportmedizinische ambulante Patienten werden derzeit mehr als 500 station\u00e4re Patienten in der Praxis operiert.<\/p>\r\n\r\n<p>&nbsp;<\/p>\r\n\r\n<h1 class=\"wp-block-heading\">\u00a0<\/h1>\r\n\r\n<p>&nbsp;<\/p>\r\n\r\n<p>&nbsp;<\/p>\r\n\r\n<p>&nbsp;<\/p>","protected":false},"excerpt":{"rendered":"<p>In 1993 werd \u201cDen Heyberg\u201d, een voormalige militaire opslagplaats voor munitie van de NAVO, verkocht aan enkele ondernemende inwoners van de gemeente Kevelaer. Deze hebben het ongeveer 400 hectare grote terrein, waarop 325 munitiebunkers waren gelegen, omgebouwd tot een trainingscentrum voor dravers. Hiertoe werden ruim 100 bunkers omgebouwd tot stallen, die in totaal plaats boden [&hellip;]<\/p>\n","protected":false},"author":1,"featured_media":0,"parent":0,"menu_order":0,"comment_status":"closed","ping_status":"closed","template":"","meta":{"footnotes":""},"class_list":["post-56","page","type-page","status-publish","hentry"],"_links":{"self":[{"href":"https:\/\/pferdepraxis-den-heyberg.com\/de\/wp-json\/wp\/v2\/pages\/56","targetHints":{"allow":["GET"]}}],"collection":[{"href":"https:\/\/pferdepraxis-den-heyberg.com\/de\/wp-json\/wp\/v2\/pages"}],"about":[{"href":"https:\/\/pferdepraxis-den-heyberg.com\/de\/wp-json\/wp\/v2\/types\/page"}],"author":[{"embeddable":true,"href":"https:\/\/pferdepraxis-den-heyberg.com\/de\/wp-json\/wp\/v2\/users\/1"}],"replies":[{"embeddable":true,"href":"https:\/\/pferdepraxis-den-heyberg.com\/de\/wp-json\/wp\/v2\/comments?post=56"}],"version-history":[{"count":9,"href":"https:\/\/pferdepraxis-den-heyberg.com\/de\/wp-json\/wp\/v2\/pages\/56\/revisions"}],"predecessor-version":[{"id":282,"href":"https:\/\/pferdepraxis-den-heyberg.com\/de\/wp-json\/wp\/v2\/pages\/56\/revisions\/282"}],"wp:attachment":[{"href":"https:\/\/pferdepraxis-den-heyberg.com\/de\/wp-json\/wp\/v2\/media?parent=56"}],"curies":[{"name":"wp","href":"https:\/\/api.w.org\/{rel}","templated":true}]}}