{"id":67,"date":"2019-04-29T09:18:00","date_gmt":"2019-04-29T09:18:00","guid":{"rendered":"http:\/\/pferdepraxis-den-heyberg.com\/?page_id=67"},"modified":"2023-09-21T13:45:42","modified_gmt":"2023-09-21T13:45:42","slug":"dr-dirk-riemersma","status":"publish","type":"page","link":"https:\/\/pferdepraxis-den-heyberg.com\/de\/dr-dirk-riemersma\/","title":{"rendered":"Dr. Dirk Riemersma"},"content":{"rendered":"<p>Die tier\u00e4rztliche Praxis f\u00fcr Pferde \u201eDen Heyberg\u201c wurde in 1998 auf ein ehemaliges Munitionslager der NATO gegr\u00fcndet das zu einen Trainingszentrum f\u00fcr Trabrennpferde umgewandelt wurde. Dr. Dirk Riemersma approbierte in 1980 an der Faculteit der Diergeneeskunde in Utrecht und promovierte zum Doktor in 1986 auf eine biomechanische Studie an Pferdesehnen.\u00a0 Danach spezialisierte er weiter in der Orthop\u00e4die und Chirurgie beim Pferd. <br \/>In 1994 bestand er die Pr\u00fcfung \u00a0der European College of Veterinary Surgeons (ECVS) und bekam der Titel Diplomate ECVS. \u00dcber der European Board for Veterinary Specialists wurde er EBVS European Specialist in Equine Surgery, in 1995 bekam er die Anerkennung der KNMvD (Koninklijke Maatschappij voor Diergeneeskunde)\u00a0 zum Specialist Chirurgie van het Paard und sp\u00e4ter von der Tier\u00e4rztekammer Nordrhein die Bezeichnung Fachtierarzt f\u00fcr Pferde. Dr. Riemersma ver\u00f6ffentlichte 15 Artikel in internationale Fachzeitschriften und pr\u00e4sentierte \u00fcber 20 Vortr\u00e4ge auf nationale und internationale Kongresse. <br \/><br \/>In 2014 wurde sein Vortrag auf dem BEVA Kongress belohnt mit dem Sam Hignett Award als bester klinisch-Wissenschaftliche Beitrag. <br \/>Dr. Riemersma diente\u00a0 der Berufstand als Regent in the Board of Regent of the ECVS\u00a0 und ist derzeit aktiv Mitglied der Aussch\u00fcsse Weiterbildung und Pferdepraxis der Tier\u00e4rztekammer Nordrhein. <br \/>Dr. Riemersma ist Mitglied der KNMvD, BPT (Bundesverband Praktische Tier\u00e4rzte), GPM (Gesellschaft f\u00fcr Pferdemedizin), ECVS, AAEP (American\u00a0 Association of Equine Practitioners), BEVA (British Equine Veterinary Association) und AESM (Association of Equine Sports Medicine).<\/p>\r\n\r\n<p>&nbsp;<\/p>","protected":false},"excerpt":{"rendered":"<p>De paardenkliniek \u201eDen Heyberg\u201c werd in de loop van 1998 geopend op een voormalig munitiedepot van de NAVO, dat tot een Trainingscentrum voor dravers was omgevormd. Oprichter is dierenarts\u00a0 Dirk Riemersma, afgestudeerd in 1980, in 1986 in Utrecht gepromoveerd op de biomechanica van het paard en sindsdien gespecialiseerd in de orthopedie en chirurgie bij paarden. [&hellip;]<\/p>\n","protected":false},"author":1,"featured_media":0,"parent":0,"menu_order":0,"comment_status":"closed","ping_status":"closed","template":"","meta":{"footnotes":""},"class_list":["post-67","page","type-page","status-publish","hentry"],"_links":{"self":[{"href":"https:\/\/pferdepraxis-den-heyberg.com\/de\/wp-json\/wp\/v2\/pages\/67","targetHints":{"allow":["GET"]}}],"collection":[{"href":"https:\/\/pferdepraxis-den-heyberg.com\/de\/wp-json\/wp\/v2\/pages"}],"about":[{"href":"https:\/\/pferdepraxis-den-heyberg.com\/de\/wp-json\/wp\/v2\/types\/page"}],"author":[{"embeddable":true,"href":"https:\/\/pferdepraxis-den-heyberg.com\/de\/wp-json\/wp\/v2\/users\/1"}],"replies":[{"embeddable":true,"href":"https:\/\/pferdepraxis-den-heyberg.com\/de\/wp-json\/wp\/v2\/comments?post=67"}],"version-history":[{"count":8,"href":"https:\/\/pferdepraxis-den-heyberg.com\/de\/wp-json\/wp\/v2\/pages\/67\/revisions"}],"predecessor-version":[{"id":284,"href":"https:\/\/pferdepraxis-den-heyberg.com\/de\/wp-json\/wp\/v2\/pages\/67\/revisions\/284"}],"wp:attachment":[{"href":"https:\/\/pferdepraxis-den-heyberg.com\/de\/wp-json\/wp\/v2\/media?parent=67"}],"curies":[{"name":"wp","href":"https:\/\/api.w.org\/{rel}","templated":true}]}}